{"id":81,"date":"2019-06-03T12:25:16","date_gmt":"2019-06-03T12:25:16","guid":{"rendered":"https:\/\/wilddrone.ch\/?page_id=81"},"modified":"2019-06-03T13:05:00","modified_gmt":"2019-06-03T13:05:00","slug":"contact","status":"publish","type":"page","link":"https:\/\/wilddrone.ch\/fr\/contact\/","title":{"rendered":"Contact"},"content":{"rendered":"\n<div class=\"wpcf7 no-js\" id=\"wpcf7-f107-o1\" lang=\"de-DE\" dir=\"ltr\" data-wpcf7-id=\"107\">\n<div class=\"screen-reader-response\"><p role=\"status\" aria-live=\"polite\" aria-atomic=\"true\"><\/p> <ul><\/ul><\/div>\n<form action=\"\/fr\/wp-json\/wp\/v2\/pages\/81#wpcf7-f107-o1\" method=\"post\" class=\"wpcf7-form init\" aria-label=\"Kontaktformular\" novalidate=\"novalidate\" data-status=\"init\">\n<fieldset class=\"hidden-fields-container\"><input type=\"hidden\" name=\"_wpcf7\" value=\"107\" \/><input type=\"hidden\" name=\"_wpcf7_version\" value=\"6.1.5\" \/><input type=\"hidden\" name=\"_wpcf7_locale\" value=\"de_DE\" \/><input type=\"hidden\" name=\"_wpcf7_unit_tag\" value=\"wpcf7-f107-o1\" \/><input type=\"hidden\" name=\"_wpcf7_container_post\" value=\"0\" \/><input type=\"hidden\" name=\"_wpcf7_posted_data_hash\" value=\"\" \/><input type=\"hidden\" name=\"_wpcf7_recaptcha_response\" value=\"\" \/>\n<\/fieldset>\n<p><label> Votre nom (obligatoire)<br \/>\n<span class=\"wpcf7-form-control-wrap\" data-name=\"your-name\"><input size=\"40\" maxlength=\"400\" class=\"wpcf7-form-control wpcf7-text wpcf7-validates-as-required\" aria-required=\"true\" aria-invalid=\"false\" value=\"\" type=\"text\" name=\"your-name\" \/><\/span> <\/label>\n<\/p>\n<p><label>Votre adresse e-mail (obligatoire)<br \/>\n<span class=\"wpcf7-form-control-wrap\" data-name=\"your-email\"><input size=\"40\" maxlength=\"400\" class=\"wpcf7-form-control wpcf7-email wpcf7-validates-as-required wpcf7-text wpcf7-validates-as-email\" aria-required=\"true\" aria-invalid=\"false\" value=\"\" type=\"email\" name=\"your-email\" \/><\/span> <\/label>\n<\/p>\n<p><label> sujet<br \/>\n<span class=\"wpcf7-form-control-wrap\" data-name=\"your-subject\"><input size=\"40\" maxlength=\"400\" class=\"wpcf7-form-control wpcf7-text\" aria-invalid=\"false\" value=\"\" type=\"text\" name=\"your-subject\" \/><\/span> <\/label>\n<\/p>\n<p><label> Votre message<br \/>\n<span class=\"wpcf7-form-control-wrap\" data-name=\"your-message\"><textarea cols=\"40\" rows=\"10\" maxlength=\"2000\" class=\"wpcf7-form-control wpcf7-textarea\" aria-invalid=\"false\" name=\"your-message\"><\/textarea><\/span> <\/label>\n<\/p>\n<p><input class=\"wpcf7-form-control wpcf7-submit has-spinner\" type=\"submit\" value=\"Soumettre\" \/>\n<\/p><div class=\"wpcf7-response-output\" aria-hidden=\"true\"><\/div>\n<\/form>\n<\/div>\n\n<p><a href=\"https:\/\/wilddrone.ch\/fr\/politique-de-confidentialite\/\">Les notes de confidentialit\u00e9 peuvent \u00eatre trouv\u00e9es ici.<\/a><\/p>\n","protected":false},"excerpt":{"rendered":"<p>Les notes de confidentialit\u00e9 peuvent \u00eatre trouv\u00e9es ici.<\/p>\n","protected":false},"author":1,"featured_media":0,"parent":0,"menu_order":0,"comment_status":"closed","ping_status":"closed","template":"","meta":{"_exactmetrics_skip_tracking":false,"_exactmetrics_sitenote_active":false,"_exactmetrics_sitenote_note":"","_exactmetrics_sitenote_category":0,"footnotes":""},"class_list":["post-81","page","type-page","status-publish","hentry"],"yoast_head":"<!-- This site is optimized with the Yoast SEO plugin v27.3 - https:\/\/yoast.com\/product\/yoast-seo-wordpress\/ -->\n<title>Contact - D\u00e9tection IA d\u2019animaux \u00e0 l&#039;aide des UAV<\/title>\n<meta name=\"robots\" content=\"index, follow, max-snippet:-1, max-image-preview:large, max-video-preview:-1\" \/>\n<link rel=\"canonical\" href=\"https:\/\/wilddrone.ch\/fr\/contact\/\" \/>\n<meta property=\"og:locale\" content=\"fr_FR\" \/>\n<meta property=\"og:type\" content=\"article\" \/>\n<meta property=\"og:title\" content=\"Contact - D\u00e9tection IA d\u2019animaux \u00e0 l&#039;aide des UAV\" \/>\n<meta property=\"og:description\" content=\"Les notes de confidentialit\u00e9 peuvent \u00eatre trouv\u00e9es ici.\" \/>\n<meta property=\"og:url\" content=\"https:\/\/wilddrone.ch\/fr\/contact\/\" \/>\n<meta property=\"og:site_name\" content=\"D\u00e9tection IA d\u2019animaux \u00e0 l&#039;aide des UAV\" \/>\n<meta property=\"article:modified_time\" content=\"2019-06-03T13:05:00+00:00\" \/>\n<meta name=\"twitter:card\" content=\"summary_large_image\" \/>\n<script type=\"application\/ld+json\" class=\"yoast-schema-graph\">{\"@context\":\"https:\\\/\\\/schema.org\",\"@graph\":[{\"@type\":\"WebPage\",\"@id\":\"https:\\\/\\\/wilddrone.ch\\\/fr\\\/contact\\\/\",\"url\":\"https:\\\/\\\/wilddrone.ch\\\/fr\\\/contact\\\/\",\"name\":\"Contact - D\u00e9tection IA d\u2019animaux \u00e0 l'aide des UAV\",\"isPartOf\":{\"@id\":\"https:\\\/\\\/wilddrone.ch\\\/fr\\\/#website\"},\"datePublished\":\"2019-06-03T12:25:16+00:00\",\"dateModified\":\"2019-06-03T13:05:00+00:00\",\"breadcrumb\":{\"@id\":\"https:\\\/\\\/wilddrone.ch\\\/fr\\\/contact\\\/#breadcrumb\"},\"inLanguage\":\"fr-FR\",\"potentialAction\":[{\"@type\":\"ReadAction\",\"target\":[\"https:\\\/\\\/wilddrone.ch\\\/fr\\\/contact\\\/\"]}]},{\"@type\":\"BreadcrumbList\",\"@id\":\"https:\\\/\\\/wilddrone.ch\\\/fr\\\/contact\\\/#breadcrumb\",\"itemListElement\":[{\"@type\":\"ListItem\",\"position\":1,\"name\":\"Startseite\",\"item\":\"https:\\\/\\\/wilddrone.ch\\\/fr\\\/\"},{\"@type\":\"ListItem\",\"position\":2,\"name\":\"Contact\"}]},{\"@type\":\"WebSite\",\"@id\":\"https:\\\/\\\/wilddrone.ch\\\/fr\\\/#website\",\"url\":\"https:\\\/\\\/wilddrone.ch\\\/fr\\\/\",\"name\":\"Wildtier-Monitoring mit UAVs\",\"description\":\"Projet FHNW: T\u00e9l\u00e9d\u00e9tection IA de la Faune Sauvage\",\"publisher\":{\"@id\":\"https:\\\/\\\/wilddrone.ch\\\/fr\\\/#organization\"},\"potentialAction\":[{\"@type\":\"SearchAction\",\"target\":{\"@type\":\"EntryPoint\",\"urlTemplate\":\"https:\\\/\\\/wilddrone.ch\\\/fr\\\/?s={search_term_string}\"},\"query-input\":{\"@type\":\"PropertyValueSpecification\",\"valueRequired\":true,\"valueName\":\"search_term_string\"}}],\"inLanguage\":\"fr-FR\"},{\"@type\":\"Organization\",\"@id\":\"https:\\\/\\\/wilddrone.ch\\\/fr\\\/#organization\",\"name\":\"Adrian Meyer - Institut Geomatik FHNW\",\"url\":\"https:\\\/\\\/wilddrone.ch\\\/fr\\\/\",\"logo\":{\"@type\":\"ImageObject\",\"inLanguage\":\"fr-FR\",\"@id\":\"https:\\\/\\\/wilddrone.ch\\\/fr\\\/#\\\/schema\\\/logo\\\/image\\\/\",\"url\":\"https:\\\/\\\/wilddrone.ch\\\/wp-content\\\/uploads\\\/2019\\\/06\\\/xqN4uf35_400x4001.jpg\",\"contentUrl\":\"https:\\\/\\\/wilddrone.ch\\\/wp-content\\\/uploads\\\/2019\\\/06\\\/xqN4uf35_400x4001.jpg\",\"width\":400,\"height\":400,\"caption\":\"Adrian Meyer - Institut Geomatik FHNW\"},\"image\":{\"@id\":\"https:\\\/\\\/wilddrone.ch\\\/fr\\\/#\\\/schema\\\/logo\\\/image\\\/\"}}]}<\/script>\n<!-- \/ Yoast SEO plugin. -->","yoast_head_json":{"title":"Contact - D\u00e9tection IA d\u2019animaux \u00e0 l'aide des UAV","robots":{"index":"index","follow":"follow","max-snippet":"max-snippet:-1","max-image-preview":"max-image-preview:large","max-video-preview":"max-video-preview:-1"},"canonical":"https:\/\/wilddrone.ch\/fr\/contact\/","og_locale":"fr_FR","og_type":"article","og_title":"Contact - D\u00e9tection IA d\u2019animaux \u00e0 l'aide des UAV","og_description":"Les notes de confidentialit\u00e9 peuvent \u00eatre trouv\u00e9es ici.","og_url":"https:\/\/wilddrone.ch\/fr\/contact\/","og_site_name":"D\u00e9tection IA d\u2019animaux \u00e0 l'aide des UAV","article_modified_time":"2019-06-03T13:05:00+00:00","twitter_card":"summary_large_image","schema":{"@context":"https:\/\/schema.org","@graph":[{"@type":"WebPage","@id":"https:\/\/wilddrone.ch\/fr\/contact\/","url":"https:\/\/wilddrone.ch\/fr\/contact\/","name":"Contact - D\u00e9tection IA d\u2019animaux \u00e0 l'aide des UAV","isPartOf":{"@id":"https:\/\/wilddrone.ch\/fr\/#website"},"datePublished":"2019-06-03T12:25:16+00:00","dateModified":"2019-06-03T13:05:00+00:00","breadcrumb":{"@id":"https:\/\/wilddrone.ch\/fr\/contact\/#breadcrumb"},"inLanguage":"fr-FR","potentialAction":[{"@type":"ReadAction","target":["https:\/\/wilddrone.ch\/fr\/contact\/"]}]},{"@type":"BreadcrumbList","@id":"https:\/\/wilddrone.ch\/fr\/contact\/#breadcrumb","itemListElement":[{"@type":"ListItem","position":1,"name":"Startseite","item":"https:\/\/wilddrone.ch\/fr\/"},{"@type":"ListItem","position":2,"name":"Contact"}]},{"@type":"WebSite","@id":"https:\/\/wilddrone.ch\/fr\/#website","url":"https:\/\/wilddrone.ch\/fr\/","name":"Wildtier-Monitoring mit UAVs","description":"Projet FHNW: T\u00e9l\u00e9d\u00e9tection IA de la Faune Sauvage","publisher":{"@id":"https:\/\/wilddrone.ch\/fr\/#organization"},"potentialAction":[{"@type":"SearchAction","target":{"@type":"EntryPoint","urlTemplate":"https:\/\/wilddrone.ch\/fr\/?s={search_term_string}"},"query-input":{"@type":"PropertyValueSpecification","valueRequired":true,"valueName":"search_term_string"}}],"inLanguage":"fr-FR"},{"@type":"Organization","@id":"https:\/\/wilddrone.ch\/fr\/#organization","name":"Adrian Meyer - Institut Geomatik FHNW","url":"https:\/\/wilddrone.ch\/fr\/","logo":{"@type":"ImageObject","inLanguage":"fr-FR","@id":"https:\/\/wilddrone.ch\/fr\/#\/schema\/logo\/image\/","url":"https:\/\/wilddrone.ch\/wp-content\/uploads\/2019\/06\/xqN4uf35_400x4001.jpg","contentUrl":"https:\/\/wilddrone.ch\/wp-content\/uploads\/2019\/06\/xqN4uf35_400x4001.jpg","width":400,"height":400,"caption":"Adrian Meyer - Institut Geomatik FHNW"},"image":{"@id":"https:\/\/wilddrone.ch\/fr\/#\/schema\/logo\/image\/"}}]}},"_links":{"self":[{"href":"https:\/\/wilddrone.ch\/fr\/wp-json\/wp\/v2\/pages\/81","targetHints":{"allow":["GET"]}}],"collection":[{"href":"https:\/\/wilddrone.ch\/fr\/wp-json\/wp\/v2\/pages"}],"about":[{"href":"https:\/\/wilddrone.ch\/fr\/wp-json\/wp\/v2\/types\/page"}],"author":[{"embeddable":true,"href":"https:\/\/wilddrone.ch\/fr\/wp-json\/wp\/v2\/users\/1"}],"replies":[{"embeddable":true,"href":"https:\/\/wilddrone.ch\/fr\/wp-json\/wp\/v2\/comments?post=81"}],"version-history":[{"count":2,"href":"https:\/\/wilddrone.ch\/fr\/wp-json\/wp\/v2\/pages\/81\/revisions"}],"predecessor-version":[{"id":108,"href":"https:\/\/wilddrone.ch\/fr\/wp-json\/wp\/v2\/pages\/81\/revisions\/108"}],"wp:attachment":[{"href":"https:\/\/wilddrone.ch\/fr\/wp-json\/wp\/v2\/media?parent=81"}],"curies":[{"name":"wp","href":"https:\/\/api.w.org\/{rel}","templated":true}]}}