{"id":83,"date":"2019-06-03T12:25:38","date_gmt":"2019-06-03T12:25:38","guid":{"rendered":"https:\/\/wilddrone.ch\/?page_id=83"},"modified":"2019-06-06T07:03:27","modified_gmt":"2019-06-06T07:03:27","slug":"medias","status":"publish","type":"page","link":"https:\/\/wilddrone.ch\/fr\/medias\/","title":{"rendered":"M\u00e9dias"},"content":{"rendered":"<h3>Vid\u00e9o courte<\/h3>\n<p><iframe loading=\"lazy\" src=\"https:\/\/www.youtube.com\/embed\/T9GuKvaYAAg?cc_load_policy=1&amp;hl=en_GB\" width=\"560\" height=\"315\" frameborder=\"0\" allowfullscreen=\"allowfullscreen\"><span data-mce-type=\"bookmark\" style=\"display: inline-block; width: 0px; overflow: hidden; line-height: 0;\" class=\"mce_SELRES_start\">\ufeff<\/span><\/iframe><br \/>\nLa vid\u00e9o doit d\u00e9marrer automatiquement avec les sous-titres anglais activ\u00e9s.<\/p>\n<hr \/>\n<h3><a href=\"https:\/\/www.dgpf.de\/con\/jt2019\/kkn.html\" target=\"_blank\" rel=\"noopener noreferrer\">Karl Kraus Preis<\/a><\/h3>\n<p>Les soci\u00e9t\u00e9s de photogramm\u00e9trie, de t\u00e9l\u00e9d\u00e9tection et de g\u00e9oinformation de l&rsquo;Allemagne, de l&rsquo;Autriche et de la Suisse d\u00e9cernent conjointement le Prix du jeune scientifique aux jeunes dipl\u00f4m\u00e9s (Bachelor \/ Master \/ Diploma). Adrian Meyer a re\u00e7u le Prix Karl Kraus 2019 pour le projet \u00ab\u00a0Surveillance des animaux sauvages avec des drones &#8211; Intelligence artificielle pour la d\u00e9tection automatis\u00e9e des signatures infrarouges\u00a0\u00bb le 21 f\u00e9vrier 2019 \u00e0 Vienne (2e place, dot\u00e9e de 1&rsquo;000 , &#8211; \u20ac).<\/p>\n<p><a href=\"https:\/\/wilddrone.ch\/wp-content\/uploads\/2019\/06\/dgpf_jt19_kkn_02_w2400_h16001.jpg\" target=\"_blank\" rel=\"noopener noreferrer\"><img loading=\"lazy\" decoding=\"async\" class=\"alignnone wp-image-189 size-medium_large\" src=\"https:\/\/wilddrone.ch\/wp-content\/uploads\/2019\/06\/dgpf_jt19_kkn_02_w2400_h16001-768x512.jpg\" alt=\"2. Preis Adrian Ferdinand Meyer (2019) Wildtier-Monitoring mit UAVs - K\u00fcnstliche Intelligenz zur automatisierten Detektion von Infrarot-Signaturen. Fachhochschule Nordwestschweiz. Betreuer: Prof. Dr. Jordan und Dipl. Geogr. Natalie Lack\" width=\"768\" height=\"512\" srcset=\"https:\/\/wilddrone.ch\/wp-content\/uploads\/2019\/06\/dgpf_jt19_kkn_02_w2400_h16001-768x512.jpg 768w, https:\/\/wilddrone.ch\/wp-content\/uploads\/2019\/06\/dgpf_jt19_kkn_02_w2400_h16001-300x200.jpg 300w, https:\/\/wilddrone.ch\/wp-content\/uploads\/2019\/06\/dgpf_jt19_kkn_02_w2400_h16001-1024x683.jpg 1024w, https:\/\/wilddrone.ch\/wp-content\/uploads\/2019\/06\/dgpf_jt19_kkn_02_w2400_h16001-210x140.jpg 210w, https:\/\/wilddrone.ch\/wp-content\/uploads\/2019\/06\/dgpf_jt19_kkn_02_w2400_h16001-1536x1024.jpg 1536w, https:\/\/wilddrone.ch\/wp-content\/uploads\/2019\/06\/dgpf_jt19_kkn_02_w2400_h16001-1960x1307.jpg 1960w\" sizes=\"auto, (max-width: 768px) 100vw, 768px\" \/><\/a><\/p>\n<hr \/>\n<h3><a href=\"http:\/\/www.snf.ch\/fr\/encouragement\/communication-scientifique\/concours-images\/Pages\/default.aspx#Laur%E9ats%202019\">Concours FNS d&rsquo;images scientifiques<\/a><\/h3>\n<p>Une mosa\u00efque infrarouge en fausse couleur issue du projet a \u00e9t\u00e9 attribu\u00e9e par le Fonds national suisse de la recherche scientifique au concours d&rsquo;images scientifiques.<br \/>\n<a href=\"https:\/\/wilddrone.ch\/wp-content\/uploads\/2019\/06\/1_Meyer_Adrian_The_Hidden_Forest.jpg\" target=\"_blank\" rel=\"noopener noreferrer\"><img loading=\"lazy\" decoding=\"async\" class=\"alignnone wp-image-13 size-large\" src=\"https:\/\/wilddrone.ch\/wp-content\/uploads\/2019\/06\/1_Meyer_Adrian_The_Hidden_Forest-1024x575.jpg\" alt=\"\" width=\"980\" height=\"550\" srcset=\"https:\/\/wilddrone.ch\/wp-content\/uploads\/2019\/06\/1_Meyer_Adrian_The_Hidden_Forest-1024x575.jpg 1024w, https:\/\/wilddrone.ch\/wp-content\/uploads\/2019\/06\/1_Meyer_Adrian_The_Hidden_Forest-300x168.jpg 300w, https:\/\/wilddrone.ch\/wp-content\/uploads\/2019\/06\/1_Meyer_Adrian_The_Hidden_Forest-768x431.jpg 768w, https:\/\/wilddrone.ch\/wp-content\/uploads\/2019\/06\/1_Meyer_Adrian_The_Hidden_Forest-210x118.jpg 210w, https:\/\/wilddrone.ch\/wp-content\/uploads\/2019\/06\/1_Meyer_Adrian_The_Hidden_Forest-1536x862.jpg 1536w, https:\/\/wilddrone.ch\/wp-content\/uploads\/2019\/06\/1_Meyer_Adrian_The_Hidden_Forest.jpg 1600w\" sizes=\"auto, (max-width: 980px) 100vw, 980px\" \/><\/a><\/p>\n<p><b>La for\u00eat cach\u00e9e &#8211; Mention du jury Cat\u00e9gorie \u00ab\u00a0L\u2019objet d\u2019\u00e9tude\u00a0\u00bb<\/b><br \/>\n<b>Adrian Meyer\u00a0<\/b>(collaborateur scientifique, Haute \u00e9cole sp\u00e9cialis\u00e9e du Nord-Ouest de la Suisse FHNW)<\/p>\n<div class=\"morecontent\">\n<p><b>Description:\u00a0<\/b>Cette carte composite en fausses couleurs a \u00e9t\u00e9 g\u00e9n\u00e9r\u00e9e par un capteur multispectral mont\u00e9 sur un drone survolant la For\u00eat-Noire, pr\u00e8s de Bad S\u00e4ckingen en Allemagne, au nord de B\u00e2le. L\u2019utilisation du proche infrarouge rend visible l\u2019\u00e9tat m\u00e9tabolique et la sant\u00e9 des v\u00e9g\u00e9taux, qui modifient leur r\u00e9flectance. Ces informations cach\u00e9es resteraient invisibles \u00e0 l\u2019\u0153il humain si la science ne s\u2019acharnait pas \u00e0 faire usage de technologies de pointe. Les codes de couleurs spectrales complexes peuvent \u00eatre analys\u00e9s par des algorithmes d\u2019intelligence artificielle afin de pr\u00e9dire la localisation de la faune locale. D\u00e9tails: capteur Airinov Multispec 4C mont\u00e9 sur un drone de recherche eBee construit par SenseFly, un spin-off de l\u2019EPFL. La mosa\u00efque en projection orthographique a \u00e9t\u00e9 g\u00e9n\u00e9r\u00e9e \u00e0 partir de 431 images multispectrales prises \u00e0 une altitude de 100 m\u00e8tres au-dessus du sol, avec une r\u00e9solution au sol de 10 cm par pixel.<\/p>\n<p class=\"jurycomment\"><b>Commentaire du jury:\u00a0<\/b>Cette image, que l\u2019on peut trouver belle au premier regard, montre comment la science invente de nouveaux moyens de visualiser les alt\u00e9rations du m\u00e9tabolisme des plantes et des arbres. \u00c0 la diff\u00e9rence du codage habituel avec couleurs en aplats, cette explosion de couleurs fortement contrast\u00e9es est une \u00e9vocation visuelle d\u2019une nature flamboyante mais en m\u00eame temps d\u00e9routante. Le bord ext\u00e9rieur ajoute un \u00e9l\u00e9ment \u00e9nigmatique, permettant \u00e0 la personne qui contemple la photo d\u2019adopter pratiquement le point de vue impressionnant d\u2019un drone sur des ph\u00e9nom\u00e8nes qui \u00e9chappent, en r\u00e9alit\u00e9, \u00e0 la perception humaine.<\/p>\n<p>CC BY-NC-ND 2.0<\/p>\n<hr \/>\n<p><iframe loading=\"lazy\" src=\"https:\/\/www.linkedin.com\/embed\/feed\/update\/urn:li:share:6542044725250179074\" height=\"562\" width=\"504\" frameborder=\"0\" allowfullscreen=\"\"><\/iframe><\/p>\n<hr \/>\n<blockquote class=\"twitter-tweet\" data-lang=\"en\">\n<p lang=\"en\" dir=\"ltr\">Today\u2018s <a href=\"https:\/\/twitter.com\/pybasel?ref_src=twsrc%5Etfw\">@PyBasel<\/a> Meetup in the new <a href=\"https:\/\/twitter.com\/hashtag\/FHNW?src=hash&amp;ref_src=twsrc%5Etfw\">#FHNW<\/a> Campus Muttenz starts with two <a href=\"https:\/\/twitter.com\/igeoFHNW?ref_src=twsrc%5Etfw\">@igeoFHNW<\/a> presentations: <a href=\"https:\/\/twitter.com\/stefan_hochuli?ref_src=twsrc%5Etfw\">@stefan_hochuli<\/a> on <a href=\"https:\/\/twitter.com\/hashtag\/DeepLearning?src=hash&amp;ref_src=twsrc%5Etfw\">#DeepLearning<\/a> for the Swiss land cover classification and Adrian Meyer on <a href=\"https:\/\/twitter.com\/hashtag\/UAV?src=hash&amp;ref_src=twsrc%5Etfw\">#UAV<\/a>-based wildlife monitoring using <a href=\"https:\/\/twitter.com\/hashtag\/DeepLearning?src=hash&amp;ref_src=twsrc%5Etfw\">#DeepLearning<\/a>. <a href=\"https:\/\/t.co\/Hoa7dW2Xt6\">pic.twitter.com\/Hoa7dW2Xt6<\/a><\/p>\n<p>&mdash; Stephan Nebiker (@snebiker) <a href=\"https:\/\/twitter.com\/snebiker\/status\/1037740685271674880?ref_src=twsrc%5Etfw\">September 6, 2018<\/a><\/p><\/blockquote>\n<p><script async src=\"https:\/\/platform.twitter.com\/widgets.js\" charset=\"utf-8\"><\/script><\/p>\n<\/div>\n","protected":false},"excerpt":{"rendered":"<p>Vid\u00e9o courte \ufeff La vid\u00e9o doit d\u00e9marrer automatiquement avec les sous-titres anglais activ\u00e9s. Karl Kraus Preis Les soci\u00e9t\u00e9s de photogramm\u00e9trie, de t\u00e9l\u00e9d\u00e9tection et de g\u00e9oinformation de l&rsquo;Allemagne, de l&rsquo;Autriche et de la Suisse d\u00e9cernent conjointement le Prix du jeune scientifique aux jeunes dipl\u00f4m\u00e9s (Bachelor \/ Master \/ Diploma). Adrian Meyer a re\u00e7u le Prix Karl [&hellip;]<\/p>\n","protected":false},"author":1,"featured_media":0,"parent":0,"menu_order":0,"comment_status":"closed","ping_status":"closed","template":"","meta":{"_exactmetrics_skip_tracking":false,"_exactmetrics_sitenote_active":false,"_exactmetrics_sitenote_note":"","_exactmetrics_sitenote_category":0,"footnotes":""},"class_list":["post-83","page","type-page","status-publish","hentry"],"yoast_head":"<!-- This site is optimized with the Yoast SEO plugin v27.3 - https:\/\/yoast.com\/product\/yoast-seo-wordpress\/ -->\n<title>M\u00e9dias - D\u00e9tection IA d\u2019animaux \u00e0 l&#039;aide des UAV<\/title>\n<meta name=\"robots\" content=\"index, follow, max-snippet:-1, max-image-preview:large, max-video-preview:-1\" \/>\n<link rel=\"canonical\" href=\"https:\/\/wilddrone.ch\/fr\/medias\/\" \/>\n<meta property=\"og:locale\" content=\"fr_FR\" \/>\n<meta property=\"og:type\" content=\"article\" \/>\n<meta property=\"og:title\" content=\"M\u00e9dias - D\u00e9tection IA d\u2019animaux \u00e0 l&#039;aide des UAV\" \/>\n<meta property=\"og:description\" content=\"Vid\u00e9o courte \ufeff La vid\u00e9o doit d\u00e9marrer automatiquement avec les sous-titres anglais activ\u00e9s. Karl Kraus Preis Les soci\u00e9t\u00e9s de photogramm\u00e9trie, de t\u00e9l\u00e9d\u00e9tection et de g\u00e9oinformation de l&rsquo;Allemagne, de l&rsquo;Autriche et de la Suisse d\u00e9cernent conjointement le Prix du jeune scientifique aux jeunes dipl\u00f4m\u00e9s (Bachelor \/ Master \/ Diploma). Adrian Meyer a re\u00e7u le Prix Karl [&hellip;]\" \/>\n<meta property=\"og:url\" content=\"https:\/\/wilddrone.ch\/fr\/medias\/\" \/>\n<meta property=\"og:site_name\" content=\"D\u00e9tection IA d\u2019animaux \u00e0 l&#039;aide des UAV\" \/>\n<meta property=\"article:modified_time\" content=\"2019-06-06T07:03:27+00:00\" \/>\n<meta property=\"og:image\" content=\"https:\/\/wilddrone.ch\/wp-content\/uploads\/2019\/06\/dgpf_jt19_kkn_02_w2400_h16001-768x512.jpg\" \/>\n<meta name=\"twitter:card\" content=\"summary_large_image\" \/>\n<meta name=\"twitter:label1\" content=\"Dur\u00e9e de lecture estim\u00e9e\" \/>\n\t<meta name=\"twitter:data1\" content=\"2 minutes\" \/>\n<script type=\"application\/ld+json\" class=\"yoast-schema-graph\">{\"@context\":\"https:\\\/\\\/schema.org\",\"@graph\":[{\"@type\":\"WebPage\",\"@id\":\"https:\\\/\\\/wilddrone.ch\\\/fr\\\/medias\\\/\",\"url\":\"https:\\\/\\\/wilddrone.ch\\\/fr\\\/medias\\\/\",\"name\":\"M\u00e9dias - D\u00e9tection IA d\u2019animaux \u00e0 l'aide des UAV\",\"isPartOf\":{\"@id\":\"https:\\\/\\\/wilddrone.ch\\\/fr\\\/#website\"},\"primaryImageOfPage\":{\"@id\":\"https:\\\/\\\/wilddrone.ch\\\/fr\\\/medias\\\/#primaryimage\"},\"image\":{\"@id\":\"https:\\\/\\\/wilddrone.ch\\\/fr\\\/medias\\\/#primaryimage\"},\"thumbnailUrl\":\"https:\\\/\\\/wilddrone.ch\\\/wp-content\\\/uploads\\\/2019\\\/06\\\/dgpf_jt19_kkn_02_w2400_h16001-768x512.jpg\",\"datePublished\":\"2019-06-03T12:25:38+00:00\",\"dateModified\":\"2019-06-06T07:03:27+00:00\",\"breadcrumb\":{\"@id\":\"https:\\\/\\\/wilddrone.ch\\\/fr\\\/medias\\\/#breadcrumb\"},\"inLanguage\":\"fr-FR\",\"potentialAction\":[{\"@type\":\"ReadAction\",\"target\":[\"https:\\\/\\\/wilddrone.ch\\\/fr\\\/medias\\\/\"]}]},{\"@type\":\"ImageObject\",\"inLanguage\":\"fr-FR\",\"@id\":\"https:\\\/\\\/wilddrone.ch\\\/fr\\\/medias\\\/#primaryimage\",\"url\":\"https:\\\/\\\/wilddrone.ch\\\/wp-content\\\/uploads\\\/2019\\\/06\\\/dgpf_jt19_kkn_02_w2400_h16001-768x512.jpg\",\"contentUrl\":\"https:\\\/\\\/wilddrone.ch\\\/wp-content\\\/uploads\\\/2019\\\/06\\\/dgpf_jt19_kkn_02_w2400_h16001-768x512.jpg\"},{\"@type\":\"BreadcrumbList\",\"@id\":\"https:\\\/\\\/wilddrone.ch\\\/fr\\\/medias\\\/#breadcrumb\",\"itemListElement\":[{\"@type\":\"ListItem\",\"position\":1,\"name\":\"Startseite\",\"item\":\"https:\\\/\\\/wilddrone.ch\\\/fr\\\/\"},{\"@type\":\"ListItem\",\"position\":2,\"name\":\"M\u00e9dias\"}]},{\"@type\":\"WebSite\",\"@id\":\"https:\\\/\\\/wilddrone.ch\\\/fr\\\/#website\",\"url\":\"https:\\\/\\\/wilddrone.ch\\\/fr\\\/\",\"name\":\"Wildtier-Monitoring mit UAVs\",\"description\":\"Projet FHNW: T\u00e9l\u00e9d\u00e9tection IA de la Faune Sauvage\",\"publisher\":{\"@id\":\"https:\\\/\\\/wilddrone.ch\\\/fr\\\/#organization\"},\"potentialAction\":[{\"@type\":\"SearchAction\",\"target\":{\"@type\":\"EntryPoint\",\"urlTemplate\":\"https:\\\/\\\/wilddrone.ch\\\/fr\\\/?s={search_term_string}\"},\"query-input\":{\"@type\":\"PropertyValueSpecification\",\"valueRequired\":true,\"valueName\":\"search_term_string\"}}],\"inLanguage\":\"fr-FR\"},{\"@type\":\"Organization\",\"@id\":\"https:\\\/\\\/wilddrone.ch\\\/fr\\\/#organization\",\"name\":\"Adrian Meyer - Institut Geomatik FHNW\",\"url\":\"https:\\\/\\\/wilddrone.ch\\\/fr\\\/\",\"logo\":{\"@type\":\"ImageObject\",\"inLanguage\":\"fr-FR\",\"@id\":\"https:\\\/\\\/wilddrone.ch\\\/fr\\\/#\\\/schema\\\/logo\\\/image\\\/\",\"url\":\"https:\\\/\\\/wilddrone.ch\\\/wp-content\\\/uploads\\\/2019\\\/06\\\/xqN4uf35_400x4001.jpg\",\"contentUrl\":\"https:\\\/\\\/wilddrone.ch\\\/wp-content\\\/uploads\\\/2019\\\/06\\\/xqN4uf35_400x4001.jpg\",\"width\":400,\"height\":400,\"caption\":\"Adrian Meyer - Institut Geomatik FHNW\"},\"image\":{\"@id\":\"https:\\\/\\\/wilddrone.ch\\\/fr\\\/#\\\/schema\\\/logo\\\/image\\\/\"}}]}<\/script>\n<!-- \/ Yoast SEO plugin. -->","yoast_head_json":{"title":"M\u00e9dias - D\u00e9tection IA d\u2019animaux \u00e0 l'aide des UAV","robots":{"index":"index","follow":"follow","max-snippet":"max-snippet:-1","max-image-preview":"max-image-preview:large","max-video-preview":"max-video-preview:-1"},"canonical":"https:\/\/wilddrone.ch\/fr\/medias\/","og_locale":"fr_FR","og_type":"article","og_title":"M\u00e9dias - D\u00e9tection IA d\u2019animaux \u00e0 l'aide des UAV","og_description":"Vid\u00e9o courte \ufeff La vid\u00e9o doit d\u00e9marrer automatiquement avec les sous-titres anglais activ\u00e9s. Karl Kraus Preis Les soci\u00e9t\u00e9s de photogramm\u00e9trie, de t\u00e9l\u00e9d\u00e9tection et de g\u00e9oinformation de l&rsquo;Allemagne, de l&rsquo;Autriche et de la Suisse d\u00e9cernent conjointement le Prix du jeune scientifique aux jeunes dipl\u00f4m\u00e9s (Bachelor \/ Master \/ Diploma). Adrian Meyer a re\u00e7u le Prix Karl [&hellip;]","og_url":"https:\/\/wilddrone.ch\/fr\/medias\/","og_site_name":"D\u00e9tection IA d\u2019animaux \u00e0 l'aide des UAV","article_modified_time":"2019-06-06T07:03:27+00:00","og_image":[{"url":"https:\/\/wilddrone.ch\/wp-content\/uploads\/2019\/06\/dgpf_jt19_kkn_02_w2400_h16001-768x512.jpg","type":"","width":"","height":""}],"twitter_card":"summary_large_image","twitter_misc":{"Dur\u00e9e de lecture estim\u00e9e":"2 minutes"},"schema":{"@context":"https:\/\/schema.org","@graph":[{"@type":"WebPage","@id":"https:\/\/wilddrone.ch\/fr\/medias\/","url":"https:\/\/wilddrone.ch\/fr\/medias\/","name":"M\u00e9dias - D\u00e9tection IA d\u2019animaux \u00e0 l'aide des UAV","isPartOf":{"@id":"https:\/\/wilddrone.ch\/fr\/#website"},"primaryImageOfPage":{"@id":"https:\/\/wilddrone.ch\/fr\/medias\/#primaryimage"},"image":{"@id":"https:\/\/wilddrone.ch\/fr\/medias\/#primaryimage"},"thumbnailUrl":"https:\/\/wilddrone.ch\/wp-content\/uploads\/2019\/06\/dgpf_jt19_kkn_02_w2400_h16001-768x512.jpg","datePublished":"2019-06-03T12:25:38+00:00","dateModified":"2019-06-06T07:03:27+00:00","breadcrumb":{"@id":"https:\/\/wilddrone.ch\/fr\/medias\/#breadcrumb"},"inLanguage":"fr-FR","potentialAction":[{"@type":"ReadAction","target":["https:\/\/wilddrone.ch\/fr\/medias\/"]}]},{"@type":"ImageObject","inLanguage":"fr-FR","@id":"https:\/\/wilddrone.ch\/fr\/medias\/#primaryimage","url":"https:\/\/wilddrone.ch\/wp-content\/uploads\/2019\/06\/dgpf_jt19_kkn_02_w2400_h16001-768x512.jpg","contentUrl":"https:\/\/wilddrone.ch\/wp-content\/uploads\/2019\/06\/dgpf_jt19_kkn_02_w2400_h16001-768x512.jpg"},{"@type":"BreadcrumbList","@id":"https:\/\/wilddrone.ch\/fr\/medias\/#breadcrumb","itemListElement":[{"@type":"ListItem","position":1,"name":"Startseite","item":"https:\/\/wilddrone.ch\/fr\/"},{"@type":"ListItem","position":2,"name":"M\u00e9dias"}]},{"@type":"WebSite","@id":"https:\/\/wilddrone.ch\/fr\/#website","url":"https:\/\/wilddrone.ch\/fr\/","name":"Wildtier-Monitoring mit UAVs","description":"Projet FHNW: T\u00e9l\u00e9d\u00e9tection IA de la Faune Sauvage","publisher":{"@id":"https:\/\/wilddrone.ch\/fr\/#organization"},"potentialAction":[{"@type":"SearchAction","target":{"@type":"EntryPoint","urlTemplate":"https:\/\/wilddrone.ch\/fr\/?s={search_term_string}"},"query-input":{"@type":"PropertyValueSpecification","valueRequired":true,"valueName":"search_term_string"}}],"inLanguage":"fr-FR"},{"@type":"Organization","@id":"https:\/\/wilddrone.ch\/fr\/#organization","name":"Adrian Meyer - Institut Geomatik FHNW","url":"https:\/\/wilddrone.ch\/fr\/","logo":{"@type":"ImageObject","inLanguage":"fr-FR","@id":"https:\/\/wilddrone.ch\/fr\/#\/schema\/logo\/image\/","url":"https:\/\/wilddrone.ch\/wp-content\/uploads\/2019\/06\/xqN4uf35_400x4001.jpg","contentUrl":"https:\/\/wilddrone.ch\/wp-content\/uploads\/2019\/06\/xqN4uf35_400x4001.jpg","width":400,"height":400,"caption":"Adrian Meyer - Institut Geomatik FHNW"},"image":{"@id":"https:\/\/wilddrone.ch\/fr\/#\/schema\/logo\/image\/"}}]}},"_links":{"self":[{"href":"https:\/\/wilddrone.ch\/fr\/wp-json\/wp\/v2\/pages\/83","targetHints":{"allow":["GET"]}}],"collection":[{"href":"https:\/\/wilddrone.ch\/fr\/wp-json\/wp\/v2\/pages"}],"about":[{"href":"https:\/\/wilddrone.ch\/fr\/wp-json\/wp\/v2\/types\/page"}],"author":[{"embeddable":true,"href":"https:\/\/wilddrone.ch\/fr\/wp-json\/wp\/v2\/users\/1"}],"replies":[{"embeddable":true,"href":"https:\/\/wilddrone.ch\/fr\/wp-json\/wp\/v2\/comments?post=83"}],"version-history":[{"count":7,"href":"https:\/\/wilddrone.ch\/fr\/wp-json\/wp\/v2\/pages\/83\/revisions"}],"predecessor-version":[{"id":223,"href":"https:\/\/wilddrone.ch\/fr\/wp-json\/wp\/v2\/pages\/83\/revisions\/223"}],"wp:attachment":[{"href":"https:\/\/wilddrone.ch\/fr\/wp-json\/wp\/v2\/media?parent=83"}],"curies":[{"name":"wp","href":"https:\/\/api.w.org\/{rel}","templated":true}]}}